{"id":1349,"date":"2023-02-08T09:50:54","date_gmt":"2023-02-08T09:50:54","guid":{"rendered":"http:\/\/www.zeumatimpex.com\/?page_id=1349"},"modified":"2023-03-27T07:54:57","modified_gmt":"2023-03-27T07:54:57","slug":"wechat","status":"publish","type":"page","link":"https:\/\/www.zeumatimpex.com\/en\/wechat\/","title":{"rendered":"WECHAT"},"content":{"rendered":"<h2>WE CHAT <\/h2>\t\t\n\t\t\t\t\t\t\t\t\t\t\t\t<img src=\"http:\/\/www.zeumatimpex.com\/wp-content\/uploads\/elementor\/thumbs\/Diseno-sin-titulo-56-q1t5p8kbtb1dxbnm04fff9gnl6am7qculzsbnjg6fc.png\" title=\"Dise\u00f1o sin t\u00edtulo (56)\" alt=\"Dise\u00f1o sin t\u00edtulo (56)\" \/>\t\t\t\t\t\t\t\t\t\t\t\t\t\t\n\t\t<p>We Chat is an instant messaging social platform developed by Tencent in 2011 and called Weixin.<\/p><p>Since 2011, this app has developed other features such as mini-program platform, e-commerce shops, payment app, thus becoming one of the most powerful social media in China with diverse functions.<\/p><p>The latest statistics show that WeChat has more than 1.3 billion monthly active users. More than <strong>80% of China&#8217;s population uses WeChat on a daily basis<\/strong>. It is an essential platform in the Digital Marketing strategy in China.<\/p><p>At Zeumat Impex, we believe that each project is unique and needs a plan adapted to your needs and brand. <strong>We adapt the advertising and content of this network depending on the industry, project and company<\/strong>.<\/p>\t\t\n\t\t\t<h4>SERVICIOS QUE OFRECEMOS<\/h4>\t\t\n\t\t\t\t<p>\n\t\t\t\t\t\tMarketing strategy\t\t\t\t\t\n\t\t\t\t<\/p>\n\t\t\t\t<p>\n\t\t\t\t\t\tMass mailings\t\t\t\t\t\n\t\t\t\t<\/p>\n\t\t\t\t<p>\n\t\t\t\t\t\tMini-Program management\t\t\t\t\t\n\t\t\t\t<\/p>\n\t\t\t\t<p>\n\t\t\t\t\t\tWriting, design and layout of newsletters\t\t\t\t\t\n\t\t\t\t<\/p>\n\t\t<div style=\"width: 640px;\" class=\"wp-video\"><!--[if lt IE 9]><script>document.createElement('video');<\/script><![endif]-->\n<video class=\"wp-video-shortcode\" id=\"video-1349-1\" width=\"640\" height=\"360\" preload=\"metadata\" controls=\"controls\"><source type=\"video\/mp4\" src=\"http:\/\/www.zeumatimpex.com\/wp-content\/uploads\/2023\/03\/videos-z.impex_-1.mp4http:\/\/www.zeumatimpex.com\/wp-content\/uploads\/2023\/03\/videos-z.impex-1.mp4http:\/\/www.zeumatimpex.com\/wp-content\/uploads\/2023\/03\/videos-z.impex-1-1.mp4?_=1\" \/><a href=\"http:\/\/www.zeumatimpex.com\/wp-content\/uploads\/2023\/03\/videos-z.impex_-1.mp4http:\/\/www.zeumatimpex.com\/wp-content\/uploads\/2023\/03\/videos-z.impex-1.mp4http:\/\/www.zeumatimpex.com\/wp-content\/uploads\/2023\/03\/videos-z.impex-1-1.mp4\">http:\/\/www.zeumatimpex.com\/wp-content\/uploads\/2023\/03\/videos-z.impex_-1.mp4http:\/\/www.zeumatimpex.com\/wp-content\/uploads\/2023\/03\/videos-z.impex-1.mp4http:\/\/www.zeumatimpex.com\/wp-content\/uploads\/2023\/03\/videos-z.impex-1-1.mp4<\/a><\/video><\/div>","protected":false},"excerpt":{"rendered":"<p>WE CHAT We Chat is an instant messaging social platform developed by Tencent in 2011 and called Weixin.Since 2011, this app has developed other features such as mini-program platform, e-commerce shops, payment app, thus becoming one of the most powerful social media in China with diverse functions.The latest statistics show that WeChat has more than [&hellip;]<\/p>\n","protected":false},"author":3,"featured_media":0,"parent":0,"menu_order":0,"comment_status":"closed","ping_status":"closed","template":"","meta":[],"translation":{"provider":"WPGlobus","version":"2.10.10","language":"en","enabled_languages":["es","en"],"languages":{"es":{"title":true,"content":true,"excerpt":false},"en":{"title":true,"content":true,"excerpt":false}}},"aioseo_notices":[],"yoast_head":"<!-- This site is optimized with the Yoast SEO plugin v18.4.1 - https:\/\/yoast.com\/wordpress\/plugins\/seo\/ -->\n<title>WECHAT - Zeumat Impex<\/title>\n<meta name=\"robots\" content=\"index, follow, max-snippet:-1, max-image-preview:large, max-video-preview:-1\" \/>\n<link rel=\"canonical\" href=\"https:\/\/www.zeumatimpex.com\/wechat\/\" \/>\n<meta property=\"og:locale\" content=\"en_US\" \/>\n<meta property=\"og:type\" content=\"article\" \/>\n<meta property=\"og:title\" content=\"WECHAT - Zeumat Impex\" \/>\n<meta property=\"og:url\" content=\"https:\/\/www.zeumatimpex.com\/wechat\/\" \/>\n<meta property=\"og:site_name\" content=\"Zeumat Impex\" \/>\n<meta property=\"article:modified_time\" content=\"2023-03-27T07:54:57+00:00\" \/>\n<meta property=\"og:image\" content=\"https:\/\/www.zeumatimpex.com\/wp-content\/uploads\/elementor\/thumbs\/Diseno-sin-titulo-56-q1t5p8kbtb1dxbnm04fff9gnl6am7qculzsbnjg6fc.png\" \/>\n<meta name=\"twitter:card\" content=\"summary_large_image\" \/>\n<meta name=\"twitter:label1\" content=\"Est. reading time\" \/>\n\t<meta name=\"twitter:data1\" content=\"1 minute\" \/>\n<script type=\"application\/ld+json\" class=\"yoast-schema-graph\">{\"@context\":\"https:\/\/schema.org\",\"@graph\":[{\"@type\":\"WebSite\",\"@id\":\"https:\/\/www.zeumatimpex.com\/#website\",\"url\":\"https:\/\/www.zeumatimpex.com\/\",\"name\":\"Zeumat Impex\",\"description\":\"Crossborder E-commerce\",\"potentialAction\":[{\"@type\":\"SearchAction\",\"target\":{\"@type\":\"EntryPoint\",\"urlTemplate\":\"https:\/\/www.zeumatimpex.com\/?s={search_term_string}\"},\"query-input\":\"required name=search_term_string\"}],\"inLanguage\":\"en-US\"},{\"@type\":\"ImageObject\",\"@id\":\"https:\/\/www.zeumatimpex.com\/wechat\/#primaryimage\",\"inLanguage\":\"en-US\",\"url\":\"https:\/\/www.zeumatimpex.com\/wp-content\/uploads\/elementor\/thumbs\/Diseno-sin-titulo-56-q1t5p8kbtb1dxbnm04fff9gnl6am7qculzsbnjg6fc.png\",\"contentUrl\":\"https:\/\/www.zeumatimpex.com\/wp-content\/uploads\/elementor\/thumbs\/Diseno-sin-titulo-56-q1t5p8kbtb1dxbnm04fff9gnl6am7qculzsbnjg6fc.png\"},{\"@type\":\"WebPage\",\"@id\":\"https:\/\/www.zeumatimpex.com\/wechat\/#webpage\",\"url\":\"https:\/\/www.zeumatimpex.com\/wechat\/\",\"name\":\"WECHAT - Zeumat Impex\",\"isPartOf\":{\"@id\":\"https:\/\/www.zeumatimpex.com\/#website\"},\"primaryImageOfPage\":{\"@id\":\"https:\/\/www.zeumatimpex.com\/wechat\/#primaryimage\"},\"datePublished\":\"2023-02-08T09:50:54+00:00\",\"dateModified\":\"2023-03-27T07:54:57+00:00\",\"description\":\"WeChat, es una red social de mensajer\u00eda instant\u00e1nea con m\u00e1s de 1.3 billones de usuarios activos mensualmente.\",\"breadcrumb\":{\"@id\":\"https:\/\/www.zeumatimpex.com\/wechat\/#breadcrumb\"},\"inLanguage\":\"en-US\",\"potentialAction\":[{\"@type\":\"ReadAction\",\"target\":[\"https:\/\/www.zeumatimpex.com\/wechat\/\"]}]},{\"@type\":\"BreadcrumbList\",\"@id\":\"https:\/\/www.zeumatimpex.com\/wechat\/#breadcrumb\",\"itemListElement\":[{\"@type\":\"ListItem\",\"position\":1,\"name\":\"Home\",\"item\":\"https:\/\/www.zeumatimpex.com\/\"},{\"@type\":\"ListItem\",\"position\":2,\"name\":\"WECHAT\"}]}]}<\/script>\n<!-- \/ Yoast SEO plugin. -->","yoast_head_json":{"title":"WECHAT - Zeumat Impex","robots":{"index":"index","follow":"follow","max-snippet":"max-snippet:-1","max-image-preview":"max-image-preview:large","max-video-preview":"max-video-preview:-1"},"canonical":"https:\/\/www.zeumatimpex.com\/wechat\/","og_locale":"en_US","og_type":"article","og_title":"WECHAT - Zeumat Impex","og_url":"https:\/\/www.zeumatimpex.com\/wechat\/","og_site_name":"Zeumat Impex","article_modified_time":"2023-03-27T07:54:57+00:00","og_image":[{"url":"https:\/\/www.zeumatimpex.com\/wp-content\/uploads\/elementor\/thumbs\/Diseno-sin-titulo-56-q1t5p8kbtb1dxbnm04fff9gnl6am7qculzsbnjg6fc.png"}],"twitter_card":"summary_large_image","twitter_misc":{"Est. reading time":"1 minute"},"schema":{"@context":"https:\/\/schema.org","@graph":[{"@type":"WebSite","@id":"https:\/\/www.zeumatimpex.com\/#website","url":"https:\/\/www.zeumatimpex.com\/","name":"Zeumat Impex","description":"Crossborder E-commerce","potentialAction":[{"@type":"SearchAction","target":{"@type":"EntryPoint","urlTemplate":"https:\/\/www.zeumatimpex.com\/?s={search_term_string}"},"query-input":"required name=search_term_string"}],"inLanguage":"en-US"},{"@type":"ImageObject","@id":"https:\/\/www.zeumatimpex.com\/wechat\/#primaryimage","inLanguage":"en-US","url":"https:\/\/www.zeumatimpex.com\/wp-content\/uploads\/elementor\/thumbs\/Diseno-sin-titulo-56-q1t5p8kbtb1dxbnm04fff9gnl6am7qculzsbnjg6fc.png","contentUrl":"https:\/\/www.zeumatimpex.com\/wp-content\/uploads\/elementor\/thumbs\/Diseno-sin-titulo-56-q1t5p8kbtb1dxbnm04fff9gnl6am7qculzsbnjg6fc.png"},{"@type":"WebPage","@id":"https:\/\/www.zeumatimpex.com\/wechat\/#webpage","url":"https:\/\/www.zeumatimpex.com\/wechat\/","name":"WECHAT - Zeumat Impex","isPartOf":{"@id":"https:\/\/www.zeumatimpex.com\/#website"},"primaryImageOfPage":{"@id":"https:\/\/www.zeumatimpex.com\/wechat\/#primaryimage"},"datePublished":"2023-02-08T09:50:54+00:00","dateModified":"2023-03-27T07:54:57+00:00","description":"WeChat, es una red social de mensajer\u00eda instant\u00e1nea con m\u00e1s de 1.3 billones de usuarios activos mensualmente.","breadcrumb":{"@id":"https:\/\/www.zeumatimpex.com\/wechat\/#breadcrumb"},"inLanguage":"en-US","potentialAction":[{"@type":"ReadAction","target":["https:\/\/www.zeumatimpex.com\/wechat\/"]}]},{"@type":"BreadcrumbList","@id":"https:\/\/www.zeumatimpex.com\/wechat\/#breadcrumb","itemListElement":[{"@type":"ListItem","position":1,"name":"Home","item":"https:\/\/www.zeumatimpex.com\/"},{"@type":"ListItem","position":2,"name":"WECHAT"}]}]}},"_links":{"self":[{"href":"https:\/\/www.zeumatimpex.com\/en\/wp-json\/wp\/v2\/pages\/1349"}],"collection":[{"href":"https:\/\/www.zeumatimpex.com\/en\/wp-json\/wp\/v2\/pages"}],"about":[{"href":"https:\/\/www.zeumatimpex.com\/en\/wp-json\/wp\/v2\/types\/page"}],"author":[{"embeddable":true,"href":"https:\/\/www.zeumatimpex.com\/en\/wp-json\/wp\/v2\/users\/3"}],"replies":[{"embeddable":true,"href":"https:\/\/www.zeumatimpex.com\/en\/wp-json\/wp\/v2\/comments?post=1349"}],"version-history":[{"count":206,"href":"https:\/\/www.zeumatimpex.com\/en\/wp-json\/wp\/v2\/pages\/1349\/revisions"}],"predecessor-version":[{"id":3181,"href":"https:\/\/www.zeumatimpex.com\/en\/wp-json\/wp\/v2\/pages\/1349\/revisions\/3181"}],"wp:attachment":[{"href":"https:\/\/www.zeumatimpex.com\/en\/wp-json\/wp\/v2\/media?parent=1349"}],"curies":[{"name":"wp","href":"https:\/\/api.w.org\/{rel}","templated":true}]}}