{"id":1360,"date":"2023-02-08T09:54:00","date_gmt":"2023-02-08T09:54:00","guid":{"rendered":"http:\/\/www.zeumatimpex.com\/?page_id=1360"},"modified":"2023-03-27T07:54:03","modified_gmt":"2023-03-27T07:54:03","slug":"xiaohongshu","status":"publish","type":"page","link":"https:\/\/www.zeumatimpex.com\/en\/xiaohongshu\/","title":{"rendered":"XIAOHONGSHU"},"content":{"rendered":"<h2>XIAOHONGSHU<\/h2>\t\t\r\n\t\t<p>This platform is also known as &#8220;<strong>Little Red Book<\/strong>&#8221; or RED.\u00a0 Its counterpart in the West is Instagram. It is a social network and e-commerce platform that is growing steadily in China.<\/p><p>One of the largest content creation platforms in China with more than 160 million monthly active users in China. It is very popular among the female audience, with male users accounting for only <strong>30% of the total number of users<\/strong>.<\/p><p>It is a powerful Social Media to work with KOLs in China. Many potential buyers in China look for product reviews on Xioahongshu from descriptions made by their favourite KOLS influencers. Users can share text, photos and videos with the community.<\/p><p>At Zeumat Impex, we believe that every project is unique and needs a customized plan to its needs. <strong>We adapt advertising and content of this Social Media depending on the industry, project and company<\/strong>. We recommend to have a differentiated plan for each type of Social Media.<\/p>\t\t\r\n\t\t\t\t\t\t\t\t\t\t\t\t<img src=\"http:\/\/www.zeumatimpex.com\/wp-content\/uploads\/elementor\/thumbs\/Diseno-sin-titulo-57-q1t6pue1z15e2mhe8y2dj0wwfdv7zdoiz6f2hh683s.png\" title=\"Dise\u00f1o sin t\u00edtulo (57)\" alt=\"Dise\u00f1o sin t\u00edtulo (57)\" \/>\t\t\t\t\t\t\t\t\t\t\t\t\t\t\r\n\t\t\t<h4>OFFERED SERVICES<\/h4>\t\t\r\n\t\t\t\t<p>\r\n\t\t\t\t\t\tRegister\t\t\t\t\t\r\n\t\t\t\t<\/p>\r\n\t\t\t\t<p>\r\n\t\t\t\t\t\tDesign\t\t\t\t\t\r\n\t\t\t\t<\/p>\r\n\t\t\t\t<p>\r\n\t\t\t\t\t\tMonthly marketing strategy\t\t\t\t\t\r\n\t\t\t\t<\/p>\r\n\t\t\t\t<p>\r\n\t\t\t\t\t\tUploading content\t\t\t\t\t\r\n\t\t\t\t<\/p>\r\n\t\t\t\t<p>\r\n\t\t\t\t\t\tEngaging with the audience\t\t\t\t\t\r\n\t\t\t\t<\/p>\r\n\t\t\t\t<p>\r\n\t\t\t\t\t\tBuilding a shop within the application \t\t\t\t\t\r\n\t\t\t\t<\/p>\r\n\t\t\t\t<p>\r\n\t\t\t\t\t\tInfluencer management\t\t\t\t\t\r\n\t\t\t\t<\/p>\r\n\t\t<div style=\"width: 640px;\" class=\"wp-video\"><!--[if lt IE 9]><script>document.createElement('video');<\/script><![endif]-->\n<video class=\"wp-video-shortcode\" id=\"video-1360-1\" width=\"640\" height=\"360\" preload=\"metadata\" controls=\"controls\"><source type=\"video\/mp4\" src=\"http:\/\/www.zeumatimpex.com\/wp-content\/uploads\/2023\/03\/videos-z.impex-3.mp4http:\/\/www.zeumatimpex.com\/wp-content\/uploads\/2023\/03\/videos-z.impex-4.mp4http:\/\/www.zeumatimpex.com\/wp-content\/uploads\/2023\/03\/videos-z.impex-5.mp4?_=1\" \/><a href=\"http:\/\/www.zeumatimpex.com\/wp-content\/uploads\/2023\/03\/videos-z.impex-3.mp4http:\/\/www.zeumatimpex.com\/wp-content\/uploads\/2023\/03\/videos-z.impex-4.mp4http:\/\/www.zeumatimpex.com\/wp-content\/uploads\/2023\/03\/videos-z.impex-5.mp4\">http:\/\/www.zeumatimpex.com\/wp-content\/uploads\/2023\/03\/videos-z.impex-3.mp4http:\/\/www.zeumatimpex.com\/wp-content\/uploads\/2023\/03\/videos-z.impex-4.mp4http:\/\/www.zeumatimpex.com\/wp-content\/uploads\/2023\/03\/videos-z.impex-5.mp4<\/a><\/video><\/div>","protected":false},"excerpt":{"rendered":"<p>XIAOHONGSHU This platform is also known as &#8220;Little Red Book&#8221; or RED.\u00a0 Its counterpart in the West is Instagram. It is a social network and e-commerce platform that is growing steadily in China.One of the largest content creation platforms in China with more than 160 million monthly active users in China. It is very popular [&hellip;]<\/p>\n","protected":false},"author":3,"featured_media":0,"parent":0,"menu_order":0,"comment_status":"closed","ping_status":"closed","template":"","meta":[],"translation":{"provider":"WPGlobus","version":"2.10.10","language":"en","enabled_languages":["es","en"],"languages":{"es":{"title":true,"content":true,"excerpt":false},"en":{"title":true,"content":true,"excerpt":false}}},"aioseo_notices":[],"yoast_head":"<!-- This site is optimized with the Yoast SEO plugin v18.4.1 - https:\/\/yoast.com\/wordpress\/plugins\/seo\/ -->\n<title>XIAOHONGSHU - Zeumat Impex<\/title>\n<meta name=\"robots\" content=\"index, follow, max-snippet:-1, max-image-preview:large, max-video-preview:-1\" \/>\n<link rel=\"canonical\" href=\"https:\/\/www.zeumatimpex.com\/xiaohongshu\/\" \/>\n<meta property=\"og:locale\" content=\"en_US\" \/>\n<meta property=\"og:type\" content=\"article\" \/>\n<meta property=\"og:title\" content=\"XIAOHONGSHU - Zeumat Impex\" \/>\n<meta property=\"og:url\" content=\"https:\/\/www.zeumatimpex.com\/xiaohongshu\/\" \/>\n<meta property=\"og:site_name\" content=\"Zeumat Impex\" \/>\n<meta property=\"article:modified_time\" content=\"2023-03-27T07:54:03+00:00\" \/>\n<meta property=\"og:image\" content=\"https:\/\/www.zeumatimpex.com\/wp-content\/uploads\/elementor\/thumbs\/Diseno-sin-titulo-57-q1t6pue1z15e2mhe8y2dj0wwfdv7zdoiz6f2hh683s.png\" \/>\n<meta name=\"twitter:card\" content=\"summary_large_image\" \/>\n<meta name=\"twitter:label1\" content=\"Est. reading time\" \/>\n\t<meta name=\"twitter:data1\" content=\"2 minutes\" \/>\n<script type=\"application\/ld+json\" class=\"yoast-schema-graph\">{\"@context\":\"https:\/\/schema.org\",\"@graph\":[{\"@type\":\"WebSite\",\"@id\":\"https:\/\/www.zeumatimpex.com\/#website\",\"url\":\"https:\/\/www.zeumatimpex.com\/\",\"name\":\"Zeumat Impex\",\"description\":\"Crossborder E-commerce\",\"potentialAction\":[{\"@type\":\"SearchAction\",\"target\":{\"@type\":\"EntryPoint\",\"urlTemplate\":\"https:\/\/www.zeumatimpex.com\/?s={search_term_string}\"},\"query-input\":\"required name=search_term_string\"}],\"inLanguage\":\"en-US\"},{\"@type\":\"ImageObject\",\"@id\":\"https:\/\/www.zeumatimpex.com\/xiaohongshu\/#primaryimage\",\"inLanguage\":\"en-US\",\"url\":\"https:\/\/www.zeumatimpex.com\/wp-content\/uploads\/elementor\/thumbs\/Diseno-sin-titulo-57-q1t6pue1z15e2mhe8y2dj0wwfdv7zdoiz6f2hh683s.png\",\"contentUrl\":\"https:\/\/www.zeumatimpex.com\/wp-content\/uploads\/elementor\/thumbs\/Diseno-sin-titulo-57-q1t6pue1z15e2mhe8y2dj0wwfdv7zdoiz6f2hh683s.png\"},{\"@type\":\"WebPage\",\"@id\":\"https:\/\/www.zeumatimpex.com\/xiaohongshu\/#webpage\",\"url\":\"https:\/\/www.zeumatimpex.com\/xiaohongshu\/\",\"name\":\"XIAOHONGSHU - Zeumat Impex\",\"isPartOf\":{\"@id\":\"https:\/\/www.zeumatimpex.com\/#website\"},\"primaryImageOfPage\":{\"@id\":\"https:\/\/www.zeumatimpex.com\/xiaohongshu\/#primaryimage\"},\"datePublished\":\"2023-02-08T09:54:00+00:00\",\"dateModified\":\"2023-03-27T07:54:03+00:00\",\"description\":\"Xiaohongshu es una red social y plataforma e-commerce que no para de crecer en el pa\u00eds asi\u00e1tico. Su hom\u00f3logo en occidente es Instagram.\",\"breadcrumb\":{\"@id\":\"https:\/\/www.zeumatimpex.com\/xiaohongshu\/#breadcrumb\"},\"inLanguage\":\"en-US\",\"potentialAction\":[{\"@type\":\"ReadAction\",\"target\":[\"https:\/\/www.zeumatimpex.com\/xiaohongshu\/\"]}]},{\"@type\":\"BreadcrumbList\",\"@id\":\"https:\/\/www.zeumatimpex.com\/xiaohongshu\/#breadcrumb\",\"itemListElement\":[{\"@type\":\"ListItem\",\"position\":1,\"name\":\"Home\",\"item\":\"https:\/\/www.zeumatimpex.com\/\"},{\"@type\":\"ListItem\",\"position\":2,\"name\":\"XIAOHONGSHU\"}]}]}<\/script>\n<!-- \/ Yoast SEO plugin. -->","yoast_head_json":{"title":"XIAOHONGSHU - Zeumat Impex","robots":{"index":"index","follow":"follow","max-snippet":"max-snippet:-1","max-image-preview":"max-image-preview:large","max-video-preview":"max-video-preview:-1"},"canonical":"https:\/\/www.zeumatimpex.com\/xiaohongshu\/","og_locale":"en_US","og_type":"article","og_title":"XIAOHONGSHU - Zeumat Impex","og_url":"https:\/\/www.zeumatimpex.com\/xiaohongshu\/","og_site_name":"Zeumat Impex","article_modified_time":"2023-03-27T07:54:03+00:00","og_image":[{"url":"https:\/\/www.zeumatimpex.com\/wp-content\/uploads\/elementor\/thumbs\/Diseno-sin-titulo-57-q1t6pue1z15e2mhe8y2dj0wwfdv7zdoiz6f2hh683s.png"}],"twitter_card":"summary_large_image","twitter_misc":{"Est. reading time":"2 minutes"},"schema":{"@context":"https:\/\/schema.org","@graph":[{"@type":"WebSite","@id":"https:\/\/www.zeumatimpex.com\/#website","url":"https:\/\/www.zeumatimpex.com\/","name":"Zeumat Impex","description":"Crossborder E-commerce","potentialAction":[{"@type":"SearchAction","target":{"@type":"EntryPoint","urlTemplate":"https:\/\/www.zeumatimpex.com\/?s={search_term_string}"},"query-input":"required name=search_term_string"}],"inLanguage":"en-US"},{"@type":"ImageObject","@id":"https:\/\/www.zeumatimpex.com\/xiaohongshu\/#primaryimage","inLanguage":"en-US","url":"https:\/\/www.zeumatimpex.com\/wp-content\/uploads\/elementor\/thumbs\/Diseno-sin-titulo-57-q1t6pue1z15e2mhe8y2dj0wwfdv7zdoiz6f2hh683s.png","contentUrl":"https:\/\/www.zeumatimpex.com\/wp-content\/uploads\/elementor\/thumbs\/Diseno-sin-titulo-57-q1t6pue1z15e2mhe8y2dj0wwfdv7zdoiz6f2hh683s.png"},{"@type":"WebPage","@id":"https:\/\/www.zeumatimpex.com\/xiaohongshu\/#webpage","url":"https:\/\/www.zeumatimpex.com\/xiaohongshu\/","name":"XIAOHONGSHU - Zeumat Impex","isPartOf":{"@id":"https:\/\/www.zeumatimpex.com\/#website"},"primaryImageOfPage":{"@id":"https:\/\/www.zeumatimpex.com\/xiaohongshu\/#primaryimage"},"datePublished":"2023-02-08T09:54:00+00:00","dateModified":"2023-03-27T07:54:03+00:00","description":"Xiaohongshu es una red social y plataforma e-commerce que no para de crecer en el pa\u00eds asi\u00e1tico. Su hom\u00f3logo en occidente es Instagram.","breadcrumb":{"@id":"https:\/\/www.zeumatimpex.com\/xiaohongshu\/#breadcrumb"},"inLanguage":"en-US","potentialAction":[{"@type":"ReadAction","target":["https:\/\/www.zeumatimpex.com\/xiaohongshu\/"]}]},{"@type":"BreadcrumbList","@id":"https:\/\/www.zeumatimpex.com\/xiaohongshu\/#breadcrumb","itemListElement":[{"@type":"ListItem","position":1,"name":"Home","item":"https:\/\/www.zeumatimpex.com\/"},{"@type":"ListItem","position":2,"name":"XIAOHONGSHU"}]}]}},"_links":{"self":[{"href":"https:\/\/www.zeumatimpex.com\/en\/wp-json\/wp\/v2\/pages\/1360"}],"collection":[{"href":"https:\/\/www.zeumatimpex.com\/en\/wp-json\/wp\/v2\/pages"}],"about":[{"href":"https:\/\/www.zeumatimpex.com\/en\/wp-json\/wp\/v2\/types\/page"}],"author":[{"embeddable":true,"href":"https:\/\/www.zeumatimpex.com\/en\/wp-json\/wp\/v2\/users\/3"}],"replies":[{"embeddable":true,"href":"https:\/\/www.zeumatimpex.com\/en\/wp-json\/wp\/v2\/comments?post=1360"}],"version-history":[{"count":108,"href":"https:\/\/www.zeumatimpex.com\/en\/wp-json\/wp\/v2\/pages\/1360\/revisions"}],"predecessor-version":[{"id":2892,"href":"https:\/\/www.zeumatimpex.com\/en\/wp-json\/wp\/v2\/pages\/1360\/revisions\/2892"}],"wp:attachment":[{"href":"https:\/\/www.zeumatimpex.com\/en\/wp-json\/wp\/v2\/media?parent=1360"}],"curies":[{"name":"wp","href":"https:\/\/api.w.org\/{rel}","templated":true}]}}